{"id":10,"date":"2013-10-10T18:05:37","date_gmt":"2013-10-10T18:05:37","guid":{"rendered":"http:\/\/dharmapriya.com\/?page_id=10"},"modified":"2013-10-10T18:31:10","modified_gmt":"2013-10-10T18:31:10","slug":"vita","status":"publish","type":"page","link":"http:\/\/dharmapriya.com\/?page_id=10","title":{"rendered":"Vita"},"content":{"rendered":"<p><a href=\"http:\/\/dharmapriya.com\/wp-content\/uploads\/2013\/10\/Yoga_ueben_in_Mexiko_1.jpg\"><img loading=\"lazy\" decoding=\"async\" class=\"alignleft size-full wp-image-33\" alt=\"Yoga_ueben_in_Mexiko_1\" src=\"http:\/\/dharmapriya.com\/wp-content\/uploads\/2013\/10\/Yoga_ueben_in_Mexiko_1.jpg\" width=\"250\" height=\"284\" \/><\/a>Ich bin 1949 im Westen Kanadas geboren und wuchs dort und in Toronto auf, wo ich ein Geschichtsstudium abschlo\u00df. 1971 fuhr ich als Stipendiat des Deutschen Akademischen Austauschdienstes nach Deutschland und verbrachte ein Semester in T\u00fcbingen und zwei weitere in Hamburg mit historischen Studien. Danach zog ich nach London um, wo ich eine praktische Ausbildung als Lexikograph (Verfasser von W\u00f6rterb\u00fcchern) beendete und diesen Beruf mehrere Jahre lang \u2013 haupts\u00e4chlich freiberuflich \u2013 aus\u00fcbte.<\/p>\n<p>Als ich 1974 voller Mi\u00dftrauen in eine Yoga-Stunde ging, \u00e4nderte sich mein Leben. Der Lehrer war Angeh\u00f6riger des Westlichen Buddhistischen Orden und pers\u00f6nlicher Yogasch\u00fcler von B.K.S. Iyengar. Die Kunst des Yoga ergriff und verzauberte mich sofort. Ich nahm an mehr und mehr Iyengar-Yoga-Stunden teil und \u00fcbte immer regelm\u00e4\u00dfiger. 1976 fing ich an, mich als Yogalehrer ausbilden zu lassen und im n\u00e4chsten Jahr fuhr ich mit meinem Lehrer und einigen anderen Freunden nach Indien, um einen Monat intensiv von B.K.S. Iyengar selber zu lernen. 1978 folgte nach praktischer und theoretischer Pr\u00fcfung der Erwerb des Lehrerzeugnisses des Iyengar-Lehrer-Verbandes.<\/p>\n<p>Schon vor der Pr\u00fcfung unterrichte ich Yoga, haupts\u00e4chlich in London in Einrichtungen der Freunde des Westlichen Buddhistischen Ordens. Gleichzeitig nutzte ich die Tatsache, da\u00df London die Yoga-Metropole des Abendlandes war und besuchte dort den Unterricht der fortgeschrittenen Iyengar-Sch\u00fcler und nahm an l\u00e4ngeren Seminaren in Europa teil. Dies alles st\u00e4rkte meinen Wunsch, wieder zu Yogacarya Iyengar zu fahren. Also verbrachte ich noch dreimal Zeit in seinem Institut in Pune und besuchte auch seinen Unterricht in Europa.<\/p>\n<p>In diesen ersten Jahren lag meine Lehrt\u00e4tigkeit zum gr\u00f6\u00dften Teil in England, mit seltenen Abstechern nach Holland, Schweden und Kanada.<\/p>\n<p>Seit 1983 habe ich meine Unterrichtst\u00e4tigkeit haupts\u00e4chlich nach Deutschland verlegt. Der Grund liegt in der anderen, f\u00fcr mich sehr wichtigen Str\u00f6mung, dem Buddhismus, welcher mir bei meiner ersten Auseinandersetzung mit Yoga begegnet war, und zwar in der Form der Freunde des Westlichen Buddhistischen Ordens. Diese Bewegung betont sehr stark die Meditation, und seit 1976 \u00fcbe ich regelm\u00e4\u00dfig Meditation. Dazu kommt der Versuch, die Buddha-Lehre nicht blo\u00df auf dem Meditationskissen zu \u00fcben, sondern sie in jeden Aspekt des t\u00e4glichen Lebens einzubeziehen. Deswegen habe ich einige Jahre in buddhistischen \u201cKooperativen\u201d verbracht und mehr als ein Drittel meines Lebens in buddhistischen Wohngemeinschaften gelebt: Ende 1981 trat ich in den Westlichen Buddhistischen Orden selbst ein. Durch diese \u201cOrdination\u201d bekam ich den Namen Dharmapriya: derjenige, der den Dharma liebt.<\/p>\n<p><a href=\"http:\/\/dharmapriya.com\/wp-content\/uploads\/2013\/10\/Yoga_ueben_in_Mexiko_113.jpg\"><img loading=\"lazy\" decoding=\"async\" class=\"alignleft size-full wp-image-35\" alt=\"Yoga_ueben_in_Mexiko_113\" src=\"http:\/\/dharmapriya.com\/wp-content\/uploads\/2013\/10\/Yoga_ueben_in_Mexiko_113.jpg\" width=\"250\" height=\"164\" \/><\/a>Um diese Zeit wurde ich gemeinsam mit einem Ordensbruder gebeten, nach Deutschland zu ziehen, um dort das weiterzugeben, was wir so wertvoll gefunden hatten. Deswegen gr\u00fcndeten wir die deutschen Freunde des Westlichen Buddhistischen Ordens und bauten das Buddhistische Zentrum Essen auf. Seit Anfang meiner Zeit in Deutschland \u00fcbte und unterrichtete ich sowohl Meditation und Buddhismus als auch Iyengar-Yoga und fing auch allm\u00e4hlich an, zu Yogalehrer-Ausbildungen beizutragen. In den letzten Jahren hat sich meine T\u00e4tigkeit als Yogalehrer auch auf Mexiko, D\u00e4nemark und Frankreich ausgebreitet.<\/p>\n","protected":false},"excerpt":{"rendered":"<p>Ich bin 1949 im Westen Kanadas geboren und wuchs dort und in Toronto auf, wo ich ein Geschichtsstudium abschlo\u00df. 1971 fuhr ich als Stipendiat des Deutschen Akademischen Austauschdienstes nach Deutschland und verbrachte ein Semester in T\u00fcbingen und zwei weitere in Hamburg mit historischen Studien. Danach zog ich nach London um, wo ich eine praktische Ausbildung [&hellip;]<\/p>\n","protected":false},"author":2,"featured_media":0,"parent":0,"menu_order":2,"comment_status":"closed","ping_status":"closed","template":"","meta":{"footnotes":""},"class_list":["post-10","page","type-page","status-publish","hentry"],"_links":{"self":[{"href":"http:\/\/dharmapriya.com\/index.php?rest_route=\/wp\/v2\/pages\/10","targetHints":{"allow":["GET"]}}],"collection":[{"href":"http:\/\/dharmapriya.com\/index.php?rest_route=\/wp\/v2\/pages"}],"about":[{"href":"http:\/\/dharmapriya.com\/index.php?rest_route=\/wp\/v2\/types\/page"}],"author":[{"embeddable":true,"href":"http:\/\/dharmapriya.com\/index.php?rest_route=\/wp\/v2\/users\/2"}],"replies":[{"embeddable":true,"href":"http:\/\/dharmapriya.com\/index.php?rest_route=%2Fwp%2Fv2%2Fcomments&post=10"}],"version-history":[{"count":5,"href":"http:\/\/dharmapriya.com\/index.php?rest_route=\/wp\/v2\/pages\/10\/revisions"}],"predecessor-version":[{"id":36,"href":"http:\/\/dharmapriya.com\/index.php?rest_route=\/wp\/v2\/pages\/10\/revisions\/36"}],"wp:attachment":[{"href":"http:\/\/dharmapriya.com\/index.php?rest_route=%2Fwp%2Fv2%2Fmedia&parent=10"}],"curies":[{"name":"wp","href":"https:\/\/api.w.org\/{rel}","templated":true}]}}